{"id":842,"date":"2017-09-21T20:34:34","date_gmt":"2017-09-21T20:34:34","guid":{"rendered":"https:\/\/bc4u.org\/bc4u-esta-aqui-para-ayudar-sin-contar-sin-juzgar-y-todo-es-una-prueba-completamente-gratuita\/"},"modified":"2022-12-12T15:12:20","modified_gmt":"2022-12-12T15:12:20","slug":"bc4u-esta-aqui-para-ayudar-sin-contar-sin-juzgar-y-todo-es-una-prueba-completamente-gratuita","status":"publish","type":"page","link":"https:\/\/bc4u.303-uat.com\/es\/","title":{"rendered":"BC4U est\u00e1 aqu\u00ed para ayudar. Sin contar, sin juzgar, y todo es una prueba completamente gratuita."},"content":{"rendered":"<h1>tienes el&nbsp;<span style=\"color: #ff3333;\">poder<\/span><\/h1>\n<p>Y BC4U est\u00e1 aqu\u00ed para ayudar. Sin contar, sin juzgar, y todo es completamente gratis.<\/p>\n<p><a href=\"https:\/\/bc4u.org\/es\/preguntas-mas-frecuentes\/\">Aprende m\u00e1s<\/a><\/p>\n","protected":false},"excerpt":{"rendered":"<p>tienes el&nbsp;poder Y BC4U est\u00e1 aqu\u00ed para ayudar. Sin contar, sin juzgar, y todo es completamente gratis. Aprende m\u00e1s<\/p>\n","protected":false},"author":4,"featured_media":769,"parent":0,"menu_order":0,"comment_status":"closed","ping_status":"closed","template":"","meta":{"_acf_changed":false,"footnotes":""},"acf":{"show_video_visit_banner":false,"banner_image":false,"featured_method":"<h2>\u00bfQu\u00e9 m\u00e9todo anticonceptivo es adecuado para m\u00ed?<\/h2>\n<p>Elegir un m\u00e9todo de control de la natalidad es nbd cuando conoce sus opciones. Vea qu\u00e9 tipos est\u00e1n disponibles para usted.<\/p>\n<p><a href=\"https:\/\/bc4u.303-uat.com\/birth-control-methods\/\">Comparar m\u00e9todos anticonceptivos<\/a><\/p>\n","home_featured_block":[{"title":"Encu\u00e9ntranos","description":"Encuentre una cl\u00ednica cerca de usted.","link":"https:\/\/bc4u.303-uat.com\/es\/encuentre-una-clinica-cerca-de-usted\/","image":{"ID":770,"id":770,"title":"featured_block1","filename":"featured_block1.jpg","filesize":27432,"url":"https:\/\/bc4u.303-uat.com\/wp-content\/uploads\/2017\/09\/featured_block1.jpg","link":"https:\/\/bc4u.303-uat.com\/es\/bc4u-esta-aqui-para-ayudar-sin-contar-sin-juzgar-y-todo-es-una-prueba-completamente-gratuita\/featured_block1-2\/","alt":"","author":"4","description":"","caption":"","name":"featured_block1-2","status":"inherit","uploaded_to":842,"date":"2017-09-21 23:03:52","modified":"2022-05-31 02:13:00","menu_order":0,"mime_type":"image\/jpeg","type":"image","subtype":"jpeg","icon":"https:\/\/bc4u.303-uat.com\/wp-includes\/images\/media\/default.png","width":478,"height":457,"sizes":{"thumbnail":"https:\/\/bc4u.303-uat.com\/wp-content\/uploads\/2017\/09\/featured_block1-150x150.jpg","thumbnail-width":150,"thumbnail-height":150,"medium":"https:\/\/bc4u.303-uat.com\/wp-content\/uploads\/2017\/09\/featured_block1-300x287.jpg","medium-width":300,"medium-height":287,"medium_large":"https:\/\/bc4u.303-uat.com\/wp-content\/uploads\/2017\/09\/featured_block1.jpg","medium_large-width":478,"medium_large-height":457,"large":"https:\/\/bc4u.303-uat.com\/wp-content\/uploads\/2017\/09\/featured_block1.jpg","large-width":478,"large-height":457,"1536x1536":"https:\/\/bc4u.303-uat.com\/wp-content\/uploads\/2017\/09\/featured_block1.jpg","1536x1536-width":478,"1536x1536-height":457,"2048x2048":"https:\/\/bc4u.303-uat.com\/wp-content\/uploads\/2017\/09\/featured_block1.jpg","2048x2048-width":478,"2048x2048-height":457}}},{"title":"nuestra mermelada","description":"\u00a1Educaci\u00f3n, control de la natalidad, pruebas de ETS, pruebas de embarazo, anticoncepci\u00f3n de emergencia y m\u00e1s!","link":"https:\/\/bc4u.303-uat.com\/es\/nuestros-servicios\/","image":{"ID":771,"id":771,"title":"featured_block2","filename":"featured_block2.jpg","filesize":11804,"url":"https:\/\/bc4u.303-uat.com\/wp-content\/uploads\/2017\/09\/featured_block2.jpg","link":"https:\/\/bc4u.303-uat.com\/es\/bc4u-esta-aqui-para-ayudar-sin-contar-sin-juzgar-y-todo-es-una-prueba-completamente-gratuita\/featured_block2-2\/","alt":"","author":"4","description":"","caption":"","name":"featured_block2-2","status":"inherit","uploaded_to":842,"date":"2017-09-22 01:44:44","modified":"2022-05-31 02:16:11","menu_order":0,"mime_type":"image\/jpeg","type":"image","subtype":"jpeg","icon":"https:\/\/bc4u.303-uat.com\/wp-includes\/images\/media\/default.png","width":478,"height":457,"sizes":{"thumbnail":"https:\/\/bc4u.303-uat.com\/wp-content\/uploads\/2017\/09\/featured_block2-150x150.jpg","thumbnail-width":150,"thumbnail-height":150,"medium":"https:\/\/bc4u.303-uat.com\/wp-content\/uploads\/2017\/09\/featured_block2-300x287.jpg","medium-width":300,"medium-height":287,"medium_large":"https:\/\/bc4u.303-uat.com\/wp-content\/uploads\/2017\/09\/featured_block2.jpg","medium_large-width":478,"medium_large-height":457,"large":"https:\/\/bc4u.303-uat.com\/wp-content\/uploads\/2017\/09\/featured_block2.jpg","large-width":478,"large-height":457,"1536x1536":"https:\/\/bc4u.303-uat.com\/wp-content\/uploads\/2017\/09\/featured_block2.jpg","1536x1536-width":478,"1536x1536-height":457,"2048x2048":"https:\/\/bc4u.303-uat.com\/wp-content\/uploads\/2017\/09\/featured_block2.jpg","2048x2048-width":478,"2048x2048-height":457}}},{"title":"\u00bfTiene preguntas?","description":"Obt\u00e9n respuestas.","link":"https:\/\/bc4u.303-uat.com\/es\/preguntas-mas-frecuentes\/","image":{"ID":772,"id":772,"title":"featured_block3","filename":"featured_block3.jpg","filesize":31136,"url":"https:\/\/bc4u.303-uat.com\/wp-content\/uploads\/2017\/09\/featured_block3.jpg","link":"https:\/\/bc4u.303-uat.com\/es\/bc4u-esta-aqui-para-ayudar-sin-contar-sin-juzgar-y-todo-es-una-prueba-completamente-gratuita\/featured_block3-2\/","alt":"","author":"4","description":"","caption":"","name":"featured_block3-2","status":"inherit","uploaded_to":842,"date":"2017-09-22 01:45:10","modified":"2022-05-31 02:18:06","menu_order":0,"mime_type":"image\/jpeg","type":"image","subtype":"jpeg","icon":"https:\/\/bc4u.303-uat.com\/wp-includes\/images\/media\/default.png","width":478,"height":457,"sizes":{"thumbnail":"https:\/\/bc4u.303-uat.com\/wp-content\/uploads\/2017\/09\/featured_block3-150x150.jpg","thumbnail-width":150,"thumbnail-height":150,"medium":"https:\/\/bc4u.303-uat.com\/wp-content\/uploads\/2017\/09\/featured_block3-300x287.jpg","medium-width":300,"medium-height":287,"medium_large":"https:\/\/bc4u.303-uat.com\/wp-content\/uploads\/2017\/09\/featured_block3.jpg","medium_large-width":478,"medium_large-height":457,"large":"https:\/\/bc4u.303-uat.com\/wp-content\/uploads\/2017\/09\/featured_block3.jpg","large-width":478,"large-height":457,"1536x1536":"https:\/\/bc4u.303-uat.com\/wp-content\/uploads\/2017\/09\/featured_block3.jpg","1536x1536-width":478,"1536x1536-height":457,"2048x2048":"https:\/\/bc4u.303-uat.com\/wp-content\/uploads\/2017\/09\/featured_block3.jpg","2048x2048-width":478,"2048x2048-height":457}}},{"title":"Sobre nosotros","description":"Nuestra historia, nuestra cl\u00ednica y nuestra gente.","link":"https:\/\/bc4u.303-uat.com\/es\/sobre-nosotros\/","image":{"ID":773,"id":773,"title":"featured_block4","filename":"featured_block4.jpg","filesize":11833,"url":"https:\/\/bc4u.303-uat.com\/wp-content\/uploads\/2017\/09\/featured_block4.jpg","link":"https:\/\/bc4u.303-uat.com\/es\/bc4u-esta-aqui-para-ayudar-sin-contar-sin-juzgar-y-todo-es-una-prueba-completamente-gratuita\/featured_block4-2\/","alt":"","author":"4","description":"","caption":"","name":"featured_block4-2","status":"inherit","uploaded_to":842,"date":"2017-09-22 01:45:11","modified":"2022-05-31 02:19:45","menu_order":0,"mime_type":"image\/jpeg","type":"image","subtype":"jpeg","icon":"https:\/\/bc4u.303-uat.com\/wp-includes\/images\/media\/default.png","width":478,"height":457,"sizes":{"thumbnail":"https:\/\/bc4u.303-uat.com\/wp-content\/uploads\/2017\/09\/featured_block4-150x150.jpg","thumbnail-width":150,"thumbnail-height":150,"medium":"https:\/\/bc4u.303-uat.com\/wp-content\/uploads\/2017\/09\/featured_block4-300x287.jpg","medium-width":300,"medium-height":287,"medium_large":"https:\/\/bc4u.303-uat.com\/wp-content\/uploads\/2017\/09\/featured_block4.jpg","medium_large-width":478,"medium_large-height":457,"large":"https:\/\/bc4u.303-uat.com\/wp-content\/uploads\/2017\/09\/featured_block4.jpg","large-width":478,"large-height":457,"1536x1536":"https:\/\/bc4u.303-uat.com\/wp-content\/uploads\/2017\/09\/featured_block4.jpg","1536x1536-width":478,"1536x1536-height":457,"2048x2048":"https:\/\/bc4u.303-uat.com\/wp-content\/uploads\/2017\/09\/featured_block4.jpg","2048x2048-width":478,"2048x2048-height":457}}}],"home_promoted_block":[{"title":"Visita de video GRATIS","description":"Sin cita previa. Enviamos recetas, pruebas de embarazo y kits de pruebas de ITS a cualquier direcci\u00f3n o puedes venir a nuestro laboratorio para dejar una muestra.","link_text":"Visita de video gratis","link":"\/sobre-video-visita\/"},{"title":"Visitas telef\u00f3nicas GRATIS","description":"Puedes hacer una cita en linea. Un proveedor medico te llamara y te puede enviar todo por correo o lo tendr\u00e1 listo para recoger despu\u00e9s de la llamada.","link_text":"Visitas telef\u00f3nicas gratis","link":"https:\/\/bc4u.org\/schedule\/"},{"title":"Visitas cl\u00ednicas GRATIS","description":"LLamanos y progama una visita a la cl\u00ednica. Muchos de nuestros servicios se pueden realizar por video o por tel\u00e9fono, Pero estamos felices de verte en persona.","link_text":"Llamar al 720-777-2248","link":"tel:%20720-777-2248"}],"testimony":[{"testimony_message":"<p>Fue bueno, mi m\u00e9dico fue agradable y muy f\u00e1cil hablar con \u00e9l\".<\/p>\n","testimony_author":"Clarissa, 17","make_box_size_bigger":[]},{"testimony_message":"<p>Esta cl\u00ednica me ha ayudado mucho y es muy c\u00f3moda. No te juzgan ni te hacen sentir mal, incluso si tienes una ETS. Adem\u00e1s, \u00a1es gratis hasta que tengas 25 a\u00f1os!\".<\/p>\n","testimony_author":"Alicia, 17","make_box_size_bigger":[]},{"testimony_message":"<p>Todos son muy amables y me tratan como un adulto, no como un ni\u00f1o\".<\/p>\n","testimony_author":"Regina, 17","make_box_size_bigger":[]},{"testimony_message":"<p>Todos fueron s\u00faper amables y respetuosos. Me impresion\u00f3 lo listos que estaban los empleados para trabajar con j\u00f3venes. Me di cuenta de que eran comprensivos con las situaciones en las que el control de la natalidad podr\u00eda necesitar mantenerse en secreto. No es mi problema, afortunadamente, pero creo que es incre\u00edble que est\u00e9n dispuestos a trabajar contigo\".<\/p>\n","testimony_author":"Ruth, 19","make_box_size_bigger":[]},{"testimony_message":"<p>Muy r\u00e1pido y profesional. Junto con una enfermera muy agradable! Recomendar\u00eda este lugar a cualquiera.<\/p>\n","testimony_author":"Jade, 15","make_box_size_bigger":[]}]},"_links":{"self":[{"href":"https:\/\/bc4u.303-uat.com\/es\/wp-json\/wp\/v2\/pages\/842"}],"collection":[{"href":"https:\/\/bc4u.303-uat.com\/es\/wp-json\/wp\/v2\/pages"}],"about":[{"href":"https:\/\/bc4u.303-uat.com\/es\/wp-json\/wp\/v2\/types\/page"}],"author":[{"embeddable":true,"href":"https:\/\/bc4u.303-uat.com\/es\/wp-json\/wp\/v2\/users\/4"}],"replies":[{"embeddable":true,"href":"https:\/\/bc4u.303-uat.com\/es\/wp-json\/wp\/v2\/comments?post=842"}],"version-history":[{"count":0,"href":"https:\/\/bc4u.303-uat.com\/es\/wp-json\/wp\/v2\/pages\/842\/revisions"}],"wp:featuredmedia":[{"embeddable":true,"href":"https:\/\/bc4u.303-uat.com\/es\/wp-json\/wp\/v2\/media\/769"}],"wp:attachment":[{"href":"https:\/\/bc4u.303-uat.com\/es\/wp-json\/wp\/v2\/media?parent=842"}],"curies":[{"name":"wp","href":"https:\/\/api.w.org\/{rel}","templated":true}]}}