{"id":838,"date":"2017-09-21T22:37:03","date_gmt":"2017-09-21T22:37:03","guid":{"rendered":"https:\/\/bc4u.org\/metodos-anticonceptivos\/"},"modified":"2022-06-10T17:08:04","modified_gmt":"2022-06-10T17:08:04","slug":"metodos-anticonceptivos","status":"publish","type":"page","link":"https:\/\/bc4u.303-uat.com\/es\/metodos-anticonceptivos\/","title":{"rendered":"M\u00e9todos anticonceptivos"},"content":{"rendered":"<h1>M\u00e9todos anticonceptivos<\/h1>\n<p>Compare sus opciones y vea qu\u00e9 m\u00e9todo es mejor para usted<\/p>\n","protected":false},"excerpt":{"rendered":"<p>M\u00e9todos anticonceptivos Compare sus opciones y vea qu\u00e9 m\u00e9todo es mejor para usted<\/p>\n","protected":false},"author":4,"featured_media":0,"parent":0,"menu_order":0,"comment_status":"closed","ping_status":"closed","template":"template_methods.php","meta":{"_acf_changed":false,"footnotes":""},"acf":{"banner_image":{"ID":791,"id":791,"title":"bc-1366-@-1x","filename":"bc-1366-@-1x.png","filesize":88691,"url":"https:\/\/bc4u.303-uat.com\/wp-content\/uploads\/2017\/09\/bc-1366-@-1x.png","link":"https:\/\/bc4u.303-uat.com\/es\/metodos-anticonceptivos\/bc-1366-1x-2\/","alt":"","author":"4","description":"","caption":"","name":"bc-1366-1x-2","status":"inherit","uploaded_to":838,"date":"2017-09-26 06:25:03","modified":"2022-06-10 17:08:04","menu_order":0,"mime_type":"image\/png","type":"image","subtype":"png","icon":"https:\/\/bc4u.303-uat.com\/wp-includes\/images\/media\/default.png","width":1366,"height":260,"sizes":{"thumbnail":"https:\/\/bc4u.303-uat.com\/wp-content\/uploads\/2017\/09\/bc-1366-@-1x-150x150.png","thumbnail-width":150,"thumbnail-height":150,"medium":"https:\/\/bc4u.303-uat.com\/wp-content\/uploads\/2017\/09\/bc-1366-@-1x-300x57.png","medium-width":300,"medium-height":57,"medium_large":"https:\/\/bc4u.303-uat.com\/wp-content\/uploads\/2017\/09\/bc-1366-@-1x-768x146.png","medium_large-width":640,"medium_large-height":122,"large":"https:\/\/bc4u.303-uat.com\/wp-content\/uploads\/2017\/09\/bc-1366-@-1x-1024x195.png","large-width":640,"large-height":122,"1536x1536":"https:\/\/bc4u.303-uat.com\/wp-content\/uploads\/2017\/09\/bc-1366-@-1x.png","1536x1536-width":1366,"1536x1536-height":260,"2048x2048":"https:\/\/bc4u.303-uat.com\/wp-content\/uploads\/2017\/09\/bc-1366-@-1x.png","2048x2048-width":1366,"2048x2048-height":260}},"show_video_visit_banner":false},"_links":{"self":[{"href":"https:\/\/bc4u.303-uat.com\/es\/wp-json\/wp\/v2\/pages\/838"}],"collection":[{"href":"https:\/\/bc4u.303-uat.com\/es\/wp-json\/wp\/v2\/pages"}],"about":[{"href":"https:\/\/bc4u.303-uat.com\/es\/wp-json\/wp\/v2\/types\/page"}],"author":[{"embeddable":true,"href":"https:\/\/bc4u.303-uat.com\/es\/wp-json\/wp\/v2\/users\/4"}],"replies":[{"embeddable":true,"href":"https:\/\/bc4u.303-uat.com\/es\/wp-json\/wp\/v2\/comments?post=838"}],"version-history":[{"count":0,"href":"https:\/\/bc4u.303-uat.com\/es\/wp-json\/wp\/v2\/pages\/838\/revisions"}],"wp:attachment":[{"href":"https:\/\/bc4u.303-uat.com\/es\/wp-json\/wp\/v2\/media?parent=838"}],"curies":[{"name":"wp","href":"https:\/\/api.w.org\/{rel}","templated":true}]}}