{"id":831,"date":"2019-12-13T18:48:48","date_gmt":"2019-12-13T18:48:48","guid":{"rendered":"https:\/\/bc4u.org\/visita-de-video\/"},"modified":"2022-12-12T15:19:42","modified_gmt":"2022-12-12T15:19:42","slug":"visita-de-video","status":"publish","type":"page","link":"https:\/\/bc4u.303-uat.com\/es\/visita-de-video\/","title":{"rendered":"Visita de v\u00eddeo"},"content":{"rendered":"<h1>Visita de v\u00eddeo<\/h1>\n<p>La misma atenci\u00f3n gratuita y privacidad de BC4U sin ir a una cl\u00ednica. Es como FaceTime pero con un proveedor(a).<\/p>\n","protected":false},"excerpt":{"rendered":"<p>Visita de v\u00eddeo La misma atenci\u00f3n gratuita y privacidad de BC4U sin ir a una cl\u00ednica. Es como FaceTime pero con un proveedor(a).<\/p>\n","protected":false},"author":4,"featured_media":0,"parent":0,"menu_order":0,"comment_status":"closed","ping_status":"closed","template":"template-video-visit.php","meta":{"_acf_changed":false,"footnotes":""},"acf":{"show_video_visit_banner":false,"available_hours":"<p>Lunes &#8211; Viernes<br \/>\n8:00 am &#8211; 11:45 am &#038; 1:00 pm &#8211; 4:45 pm MST<\/p>\n","banner_image":{"ID":791,"id":791,"title":"bc-1366-@-1x","filename":"bc-1366-@-1x.png","filesize":88691,"url":"https:\/\/bc4u.303-uat.com\/wp-content\/uploads\/2017\/09\/bc-1366-@-1x.png","link":"https:\/\/bc4u.303-uat.com\/es\/metodos-anticonceptivos\/bc-1366-1x-2\/","alt":"","author":"4","description":"","caption":"","name":"bc-1366-1x-2","status":"inherit","uploaded_to":838,"date":"2017-09-26 06:25:03","modified":"2022-06-10 17:08:04","menu_order":0,"mime_type":"image\/png","type":"image","subtype":"png","icon":"https:\/\/bc4u.303-uat.com\/wp-includes\/images\/media\/default.png","width":1366,"height":260,"sizes":{"thumbnail":"https:\/\/bc4u.303-uat.com\/wp-content\/uploads\/2017\/09\/bc-1366-@-1x-150x150.png","thumbnail-width":150,"thumbnail-height":150,"medium":"https:\/\/bc4u.303-uat.com\/wp-content\/uploads\/2017\/09\/bc-1366-@-1x-300x57.png","medium-width":300,"medium-height":57,"medium_large":"https:\/\/bc4u.303-uat.com\/wp-content\/uploads\/2017\/09\/bc-1366-@-1x-768x146.png","medium_large-width":640,"medium_large-height":122,"large":"https:\/\/bc4u.303-uat.com\/wp-content\/uploads\/2017\/09\/bc-1366-@-1x-1024x195.png","large-width":640,"large-height":122,"1536x1536":"https:\/\/bc4u.303-uat.com\/wp-content\/uploads\/2017\/09\/bc-1366-@-1x.png","1536x1536-width":1366,"1536x1536-height":260,"2048x2048":"https:\/\/bc4u.303-uat.com\/wp-content\/uploads\/2017\/09\/bc-1366-@-1x.png","2048x2048-width":1366,"2048x2048-height":260}},"what_do_i_need_before_starting_a_video_visit":"<p>\u2022 Un celular, tableta o computadora con c\u00e1mara<br \/>\n\u2022 Una conexi\u00f3n a Internet<\/p>\n","what_is_a_video_visit":"<p>Puedes obtener un consejo medico gratuito y cualquiera de las recetas necesarias desde cualquier lugar donde puedas chatear por video.<\/p>\n<p>\u2022 La pastilla anticonceptiva<br \/>\n\u2022 Plan B<br \/>\n\u2022 El anillo vaginal<br \/>\n\u2022 La inyecci\u00f3n<br \/>\n\u2022 Tratamiento para infecciones transmitadas sexualmente (ITS)<br \/>\n\u2022 Condones <\/p>\n<p>Tambien podemos enviar kits de pruebas de ITS y pruebas de embarazo a la dirrection que tu quieras. <\/p>\n","when_can_i_start":"<p>Es como entrar a una cl\u00ednica sin cita previa, \u00a1sin tener que entrar! Puedes tener una visita por video con un proveedor medico a pedido durante estos horarios:<\/p>\n"},"_links":{"self":[{"href":"https:\/\/bc4u.303-uat.com\/es\/wp-json\/wp\/v2\/pages\/831"}],"collection":[{"href":"https:\/\/bc4u.303-uat.com\/es\/wp-json\/wp\/v2\/pages"}],"about":[{"href":"https:\/\/bc4u.303-uat.com\/es\/wp-json\/wp\/v2\/types\/page"}],"author":[{"embeddable":true,"href":"https:\/\/bc4u.303-uat.com\/es\/wp-json\/wp\/v2\/users\/4"}],"replies":[{"embeddable":true,"href":"https:\/\/bc4u.303-uat.com\/es\/wp-json\/wp\/v2\/comments?post=831"}],"version-history":[{"count":0,"href":"https:\/\/bc4u.303-uat.com\/es\/wp-json\/wp\/v2\/pages\/831\/revisions"}],"wp:attachment":[{"href":"https:\/\/bc4u.303-uat.com\/es\/wp-json\/wp\/v2\/media?parent=831"}],"curies":[{"name":"wp","href":"https:\/\/api.w.org\/{rel}","templated":true}]}}