{"id":827,"date":"2021-03-02T17:47:20","date_gmt":"2021-03-02T17:47:20","guid":{"rendered":"https:\/\/bc4u.org\/recursos\/"},"modified":"2022-06-10T17:07:04","modified_gmt":"2022-06-10T17:07:04","slug":"recursos","status":"publish","type":"page","link":"https:\/\/bc4u.303-uat.com\/es\/recursos\/","title":{"rendered":"Recursos"},"content":{"rendered":"\n<h1>Recursos<\/h1>\n","protected":false},"excerpt":{"rendered":"<p>Recursos<\/p>\n","protected":false},"author":4,"featured_media":0,"parent":0,"menu_order":0,"comment_status":"closed","ping_status":"closed","template":"template_resources.php","meta":{"_acf_changed":false,"footnotes":""},"acf":{"banner_image":{"ID":792,"id":792,"title":"about-1366-@-1x","filename":"about-1366-@-1x.png","filesize":94000,"url":"https:\/\/bc4u.303-uat.com\/wp-content\/uploads\/2017\/09\/about-1366-@-1x.png","link":"https:\/\/bc4u.303-uat.com\/es\/sobre-nosotros\/about-1366-1x-2\/","alt":"","author":"4","description":"","caption":"","name":"about-1366-1x-2","status":"inherit","uploaded_to":840,"date":"2017-09-26 06:25:37","modified":"2022-05-31 18:29:20","menu_order":0,"mime_type":"image\/png","type":"image","subtype":"png","icon":"https:\/\/bc4u.303-uat.com\/wp-includes\/images\/media\/default.png","width":1366,"height":260,"sizes":{"thumbnail":"https:\/\/bc4u.303-uat.com\/wp-content\/uploads\/2017\/09\/about-1366-@-1x-150x150.png","thumbnail-width":150,"thumbnail-height":150,"medium":"https:\/\/bc4u.303-uat.com\/wp-content\/uploads\/2017\/09\/about-1366-@-1x-300x57.png","medium-width":300,"medium-height":57,"medium_large":"https:\/\/bc4u.303-uat.com\/wp-content\/uploads\/2017\/09\/about-1366-@-1x-768x146.png","medium_large-width":640,"medium_large-height":122,"large":"https:\/\/bc4u.303-uat.com\/wp-content\/uploads\/2017\/09\/about-1366-@-1x-1024x195.png","large-width":640,"large-height":122,"1536x1536":"https:\/\/bc4u.303-uat.com\/wp-content\/uploads\/2017\/09\/about-1366-@-1x.png","1536x1536-width":1366,"1536x1536-height":260,"2048x2048":"https:\/\/bc4u.303-uat.com\/wp-content\/uploads\/2017\/09\/about-1366-@-1x.png","2048x2048-width":1366,"2048x2048-height":260}},"featured_message_top":"<h2><span style=\"color: #00afea;\">\u00bfTienes 25 a\u00f1os o m\u00e1s?<\/span><\/h2>\n<p><a href=\"https:\/\/www.bedsider.org\/clinics\">Este buscador de cl\u00ednicas<\/a> le ayudar\u00e1 a encontrar un proveedor de atenci\u00f3n m\u00e9dica cerca de usted.<\/p>\n","show_video_visit_banner":false},"_links":{"self":[{"href":"https:\/\/bc4u.303-uat.com\/es\/wp-json\/wp\/v2\/pages\/827"}],"collection":[{"href":"https:\/\/bc4u.303-uat.com\/es\/wp-json\/wp\/v2\/pages"}],"about":[{"href":"https:\/\/bc4u.303-uat.com\/es\/wp-json\/wp\/v2\/types\/page"}],"author":[{"embeddable":true,"href":"https:\/\/bc4u.303-uat.com\/es\/wp-json\/wp\/v2\/users\/4"}],"replies":[{"embeddable":true,"href":"https:\/\/bc4u.303-uat.com\/es\/wp-json\/wp\/v2\/comments?post=827"}],"version-history":[{"count":0,"href":"https:\/\/bc4u.303-uat.com\/es\/wp-json\/wp\/v2\/pages\/827\/revisions"}],"wp:attachment":[{"href":"https:\/\/bc4u.303-uat.com\/es\/wp-json\/wp\/v2\/media?parent=827"}],"curies":[{"name":"wp","href":"https:\/\/api.w.org\/{rel}","templated":true}]}}